{"id":1198,"date":"2025-10-21T13:12:14","date_gmt":"2025-10-21T13:12:14","guid":{"rendered":"https:\/\/torchsalvation.com\/evangelizacion\/"},"modified":"2026-02-17T16:27:02","modified_gmt":"2026-02-17T16:27:02","slug":"evangelizacion","status":"publish","type":"page","link":"https:\/\/torchsalvation.com\/es\/evangelizacion\/","title":{"rendered":"Evangelizaci\u00f3n"},"content":{"rendered":"<div class=\"wpb-content-wrapper\"><p>[vc_row][vc_column]<div  class=\"jeg_postblock_1 jeg_postblock jeg_module_hook jeg_pagination_disable jeg_col_3o3 jnews_module__0_69ebf1c32c752   \" data-unique=\"jnews_module__0_69ebf1c32c752\">\n\t\t\t\t\t\n\t\t\t\t\t<div class=\"jeg_block_container jeg_load_more_flag\">\n\t\t\t\t\t\n\t\t\t\t\t<div class=\"jeg_posts row\">\n\t\t\t\t\t<article class=\"jeg_post jeg_pl_lg_1 col-sm-4 format-gallery\">\n\t\t\t\t\t\t<div class=\"jeg_thumb\">\n\t\t\t\t\t\n\t\t\t\t\t<a href=\"https:\/\/torchsalvation.com\/es\/aid-to-61-people-in-yaguajays-africa-neighborhood\/\" aria-label=\"Read article: Ayuda a 61 personas en el barrio \u00c1frica de Yaguajay\"><div class=\"thumbnail-container animate-lazy  size-500 \"><img loading=\"lazy\" decoding=\"async\" width=\"360\" height=\"180\" src=\"data:image\/gif;base64,R0lGODlhAQABAIAAAP\/\/\/wAAACH5BAEAAAAALAAAAAABAAEAAAICRAEAOw==\" class=\"lazyload wp-post-image\" alt=\"Ayuda a 61 personas en el barrio \u00c1frica de Yaguajay\" data-src=\"https:\/\/torchsalvation.com\/wp-content\/uploads\/2026\/04\/WhatsApp-Image-2026-04-16-at-6.28.50-AM-4-360x180.jpeg\" data-sizes=\"auto\" data-expand=\"700\" \/><\/div><\/a>\n\t\t\t\t\t<div class=\"jeg_post_category\">\n\t\t\t\t\t\t<span><a href=\"https:\/\/torchsalvation.com\/series-category\/evangelism\/\" class=\"category-evangelism\">Evangelism<\/a><\/span>\n\t\t\t\t\t<\/div>\n\t\t\t\t<\/div>\n\t\t\t\t<div class=\"jeg_postblock_content\">\n\t\t\t\t\t<h3 property=\"headline\" class=\"jeg_post_title\">\n\t\t\t\t\t\t<a href=\"https:\/\/torchsalvation.com\/es\/aid-to-61-people-in-yaguajays-africa-neighborhood\/\">Ayuda a 61 personas en el barrio \u00c1frica de Yaguajay<\/a>\n\t\t\t\t\t<\/h3>\n\t\t\t\t\t<div class=\"jeg_post_meta\"><div class=\"jeg_meta_author\"><span class=\"by\">by<\/span> <a href=\"https:\/\/torchsalvation.com\/es\/author\/torchsalvationgmail-com\/\">torchsalvation@gmail.com<\/a><\/div><div class=\"jeg_meta_date\"><a href=\"https:\/\/torchsalvation.com\/es\/aid-to-61-people-in-yaguajays-africa-neighborhood\/\"><i class=\"fa fa-clock-o\"><\/i> abril 16, 2026<\/a><\/div><div class=\"jeg_meta_comment\"><a href=\"https:\/\/torchsalvation.com\/es\/aid-to-61-people-in-yaguajays-africa-neighborhood\/\" ><i class=\"fa fa-comment-o\"><\/i> 0 <\/a><\/div><div class=\"jeg_meta_views\"><a href=\"https:\/\/torchsalvation.com\/es\/aid-to-61-people-in-yaguajays-africa-neighborhood\/\" ><i class=\"fa fa-eye\"><\/i> 9 <\/a><\/div><\/div>\n\t\t\t\t\t<div class=\"jeg_post_excerpt\">\n\t\t\t\t\t\t<p>La Segunda Iglesia Bautista de Yaguajay, que sirve al barrio \u00c1frica, inform\u00f3 de un progreso significativo en su alcance comunitario...<\/p>\n\t\t\t\t\t\t<a href=\"https:\/\/torchsalvation.com\/es\/aid-to-61-people-in-yaguajays-africa-neighborhood\/\" class=\"jeg_readmore\">Read more<span class=\"screen-reader-text\">Details<\/span><\/a>\n\t\t\t\t\t<\/div>\n\t\t\t\t<\/div>\n\t\t\t\t\t<\/article>\n\t\t\t\t\t<div class=\"jeg_postsmall col-sm-4\">\n\t\t\t\t\t\t<article class=\"jeg_post jeg_pl_sm format-gallery\">\n\t\t\t\t\t<div class=\"jeg_thumb\">\n\t\t\t\t\t\t\n\t\t\t\t\t\t<a href=\"https:\/\/torchsalvation.com\/es\/evangelistic-mission-in-tuinucu-uniting-efforts-for-faith\/\" aria-label=\"Read article: Misi\u00f3n evangel\u00edstica en Tuinuc\u00fa: Uniendo esfuerzos por la fe\">\n\t\t\t\t\t\t\t<div class=\"thumbnail-container animate-lazy  size-715 \"><img loading=\"lazy\" decoding=\"async\" width=\"120\" height=\"86\" src=\"data:image\/gif;base64,R0lGODlhAQABAIAAAP\/\/\/wAAACH5BAEAAAAALAAAAAABAAEAAAICRAEAOw==\" class=\"lazyload wp-post-image\" alt=\"Misi\u00f3n evangel\u00edstica en Tuinuc\u00fa: Uniendo esfuerzos por la fe\" data-src=\"https:\/\/torchsalvation.com\/wp-content\/uploads\/2026\/02\/IMG_8867-120x86.jpg\" data-sizes=\"auto\" data-expand=\"700\" \/><\/div>\n\t\t\t\t\t\t<\/a>\n\t\t\t\t\t<\/div>\n\t\t\t\t\t<div class=\"jeg_postblock_content\">\n\t\t\t\t\t\t<h3 class=\"jeg_post_title\">\n\t\t\t\t\t\t\t<a href=\"https:\/\/torchsalvation.com\/es\/evangelistic-mission-in-tuinucu-uniting-efforts-for-faith\/\">Misi\u00f3n evangel\u00edstica en Tuinuc\u00fa: Uniendo esfuerzos por la fe<\/a>\n\t\t\t\t\t\t<\/h3>\n\t\t\t\t\t\t<div class=\"jeg_post_meta\"><div class=\"jeg_meta_date\"><a href=\"https:\/\/torchsalvation.com\/es\/evangelistic-mission-in-tuinucu-uniting-efforts-for-faith\/\" ><i class=\"fa fa-clock-o\"><\/i> febrero 17, 2026<\/a><\/div><div class=\"jeg_meta_views\"><a href=\"https:\/\/torchsalvation.com\/es\/evangelistic-mission-in-tuinucu-uniting-efforts-for-faith\/\" ><i class=\"fa fa-eye\"><\/i> 74 <\/a><\/div><\/div>\n\t\t\t\t\t<\/div>\n\t\t\t\t<\/article><article class=\"jeg_post jeg_pl_sm format-gallery\">\n\t\t\t\t\t<div class=\"jeg_thumb\">\n\t\t\t\t\t\t\n\t\t\t\t\t\t<a href=\"https:\/\/torchsalvation.com\/es\/the-joy-of-11-new-believers-baptized-in-sancti-spiritus-cuba\/\" aria-label=\"Read article: La Alegr\u00eda de 11 Nuevos Creyentes Bautizados en Sancti Sp\u00edritus, Cuba\">\n\t\t\t\t\t\t\t<div class=\"thumbnail-container animate-lazy  size-715 \"><img loading=\"lazy\" decoding=\"async\" width=\"120\" height=\"86\" src=\"data:image\/gif;base64,R0lGODlhAQABAIAAAP\/\/\/wAAACH5BAEAAAAALAAAAAABAAEAAAICRAEAOw==\" class=\"lazyload wp-post-image\" alt=\"La Alegr\u00eda de 11 Nuevos Creyentes Bautizados en Sancti Sp\u00edritus, Cuba\" data-src=\"https:\/\/torchsalvation.com\/wp-content\/uploads\/2025\/11\/DSC02288-120x86.jpg\" data-sizes=\"auto\" data-expand=\"700\" \/><\/div>\n\t\t\t\t\t\t<\/a>\n\t\t\t\t\t<\/div>\n\t\t\t\t\t<div class=\"jeg_postblock_content\">\n\t\t\t\t\t\t<h3 class=\"jeg_post_title\">\n\t\t\t\t\t\t\t<a href=\"https:\/\/torchsalvation.com\/es\/the-joy-of-11-new-believers-baptized-in-sancti-spiritus-cuba\/\">La Alegr\u00eda de 11 Nuevos Creyentes Bautizados en Sancti Sp\u00edritus, Cuba<\/a>\n\t\t\t\t\t\t<\/h3>\n\t\t\t\t\t\t<div class=\"jeg_post_meta\"><div class=\"jeg_meta_date\"><a href=\"https:\/\/torchsalvation.com\/es\/the-joy-of-11-new-believers-baptized-in-sancti-spiritus-cuba\/\" ><i class=\"fa fa-clock-o\"><\/i> noviembre 19, 2025<\/a><\/div><div class=\"jeg_meta_views\"><a href=\"https:\/\/torchsalvation.com\/es\/the-joy-of-11-new-believers-baptized-in-sancti-spiritus-cuba\/\" ><i class=\"fa fa-eye\"><\/i> 56 <\/a><\/div><\/div>\n\t\t\t\t\t<\/div>\n\t\t\t\t<\/article>\n\t\t\t\t\t<\/div>\n\t\t\t\t\t<div class=\"jeg_postsmall col-sm-4\">\n\t\t\t\t\t\t<article class=\"jeg_post jeg_pl_xs_2 format-gallery\">\n\t\t\t\t\t<div class=\"jeg_postblock_content\">\n\t\t\t\t\t\t<h3 class=\"jeg_post_title\"><a href=\"https:\/\/torchsalvation.com\/es\/baptisms-in-bayamo\/\">Bautizos en Bayamo<\/a><\/h3>\n\t\t\t\t\t\t<div class=\"jeg_post_meta\"><div class=\"jeg_meta_date\"><a href=\"https:\/\/torchsalvation.com\/es\/baptisms-in-bayamo\/\" ><i class=\"fa fa-clock-o\"><\/i> octubre 28, 2025<\/a><\/div><div class=\"jeg_meta_views\"><a href=\"https:\/\/torchsalvation.com\/es\/baptisms-in-bayamo\/\" ><i class=\"fa fa-eye\"><\/i> 40 <\/a><\/div><\/div>\n\t\t\t\t\t<\/div>\n\t\t\t\t<\/article><article class=\"jeg_post jeg_pl_xs_2 format-gallery\">\n\t\t\t\t\t<div class=\"jeg_postblock_content\">\n\t\t\t\t\t\t<h3 class=\"jeg_post_title\"><a href=\"https:\/\/torchsalvation.com\/es\/children-and-the-mission\/\">Los ni\u00f1os y la misi\u00f3n<\/a><\/h3>\n\t\t\t\t\t\t<div class=\"jeg_post_meta\"><div class=\"jeg_meta_date\"><a href=\"https:\/\/torchsalvation.com\/es\/children-and-the-mission\/\" ><i class=\"fa fa-clock-o\"><\/i> octubre 22, 2025<\/a><\/div><div class=\"jeg_meta_views\"><a href=\"https:\/\/torchsalvation.com\/es\/children-and-the-mission\/\" ><i class=\"fa fa-eye\"><\/i> 9 <\/a><\/div><\/div>\n\t\t\t\t\t<\/div>\n\t\t\t\t<\/article>\n\t\t\t\t\t<\/div>\n\t\t\t\t<\/div>\n\t\t\t\t\t<div class='module-overlay'>\n\t\t\t\t    <div class='preloader_type preloader_dot'>\n\t\t\t\t        <div class=\"module-preloader jeg_preloader dot\">\n\t\t\t\t            <span><\/span><span><\/span><span><\/span>\n\t\t\t\t        <\/div>\n\t\t\t\t        <div class=\"module-preloader jeg_preloader circle\">\n\t\t\t\t            <div class=\"jnews_preloader_circle_outer\">\n\t\t\t\t                <div class=\"jnews_preloader_circle_inner\"><\/div>\n\t\t\t\t            <\/div>\n\t\t\t\t        <\/div>\n\t\t\t\t        <div class=\"module-preloader jeg_preloader square\">\n\t\t\t\t            <div class=\"jeg_square\">\n\t\t\t\t                <div class=\"jeg_square_inner\"><\/div>\n\t\t\t\t            <\/div>\n\t\t\t\t        <\/div>\n\t\t\t\t    <\/div>\n\t\t\t\t<\/div>\n\t\t\t\t<\/div>\n\t\t\t\t<div class=\"jeg_block_navigation\">\n\t\t\t\t\t<div class='navigation_overlay'><div class='module-preloader jeg_preloader'><span><\/span><span><\/span><span><\/span><\/div><\/div>\n\t\t\t\t\t\n\t\t\t\t\t\n\t\t\t\t<\/div>\n\t\t\t\t\t\n\t\t\t\t\t<script>var jnews_module__0_69ebf1c32c752 = {\"header_icon\":\"\",\"first_title\":\"\",\"second_title\":\"\",\"url\":\"\",\"header_type\":\"heading_6\",\"header_background\":\"\",\"header_secondary_background\":\"\",\"header_text_color\":\"\",\"header_line_color\":\"\",\"header_accent_color\":\"\",\"header_filter_category\":\"\",\"header_filter_author\":\"\",\"header_filter_tag\":\"\",\"header_filter_cpt_etn_category\":\"\",\"header_filter_cpt_etn_tags\":\"\",\"header_filter_text\":\"All\",\"sticky_post\":\"\",\"sticky_post_filter\":false,\"post_type\":\"post\",\"content_type\":\"all\",\"sponsor\":\"\",\"number_post\":\"5\",\"post_offset\":\"0\",\"unique_content\":\"disable\",\"include_post\":\"\",\"included_only\":\"\",\"exclude_post\":\"\",\"include_category\":\"518\",\"exclude_category\":\"\",\"include_author\":\"\",\"include_tag\":\"\",\"exclude_tag\":\"\",\"exclude_visited_post\":\"\",\"etn_category\":\"\",\"etn_tags\":\"\",\"sort_by\":\"latest\",\"date_format\":\"default\",\"date_format_custom\":\"Y\\\/m\\\/d\",\"excerpt_length\":\"20\",\"excerpt_ellipsis\":\"...\",\"force_normal_image_load\":\"\",\"main_custom_image_size\":\"default\",\"second_custom_image_size\":\"default\",\"pagination_mode\":\"disable\",\"pagination_nextprev_showtext\":\"\",\"pagination_number_post\":5,\"pagination_scroll_limit\":0,\"boxed\":\"\",\"boxed_shadow\":\"\",\"el_id\":\"\",\"el_class\":\"\",\"scheme\":\"\",\"column_width\":\"auto\",\"title_color\":\"\",\"accent_color\":\"\",\"alt_color\":\"\",\"excerpt_color\":\"\",\"css\":\"\",\"compatible_column_notice\":\"\",\"paged\":1,\"column_class\":\"jeg_col_3o3\",\"class\":\"jnews_block_1\"};<\/script>\n\t\t\t\t<\/div>[\/vc_column][\/vc_row]<\/p>\n<\/div>","protected":false},"excerpt":{"rendered":"<p>[vc_row][vc_column][\/vc_column][\/vc_row]<\/p>\n","protected":false},"author":1,"featured_media":0,"parent":0,"menu_order":0,"comment_status":"closed","ping_status":"closed","template":"","meta":{"om_disable_all_campaigns":false,"_monsterinsights_skip_tracking":false,"_monsterinsights_sitenote_active":false,"_monsterinsights_sitenote_note":"","_monsterinsights_sitenote_category":0,"_uf_show_specific_survey":0,"_uf_disable_surveys":false,"jnews_page_loop":{"first_title":"Latest Post","header_type":"heading_6","layout":"right-sidebar","sidebar":"default-sidebar","second_sidebar":"default-sidebar","sticky_sidebar":"1","module":"3","main_custom_image_size":"default","second_custom_image_size":"default","excerpt_length":"20","content_date":"default","date_custom":"Y\/m\/d","content_pagination":"nav_1","pagination_align":"center","post_sticky":"0","post_offset":"0","posts_per_page":"5","sort_by":"latest"},"jnews_single_page":{"layout":"no-sidebar","sidebar":"default-sidebar","second_sidebar":"default-sidebar","sticky_sidebar":"1","show_post_title":"1","show_post_breadcrumbs":"1","show_post_featured":"1","share_position":"top","share_color":"share-monocrhome"},"jnews_social_meta":[],"footnotes":""},"class_list":["post-1198","page","type-page","status-publish","hentry"],"aioseo_notices":[],"_hostinger_reach_plugin_has_subscription_block":false,"_hostinger_reach_plugin_is_elementor":false,"_links":{"self":[{"href":"https:\/\/torchsalvation.com\/es\/wp-json\/wp\/v2\/pages\/1198","targetHints":{"allow":["GET"]}}],"collection":[{"href":"https:\/\/torchsalvation.com\/es\/wp-json\/wp\/v2\/pages"}],"about":[{"href":"https:\/\/torchsalvation.com\/es\/wp-json\/wp\/v2\/types\/page"}],"author":[{"embeddable":true,"href":"https:\/\/torchsalvation.com\/es\/wp-json\/wp\/v2\/users\/1"}],"replies":[{"embeddable":true,"href":"https:\/\/torchsalvation.com\/es\/wp-json\/wp\/v2\/comments?post=1198"}],"version-history":[{"count":2,"href":"https:\/\/torchsalvation.com\/es\/wp-json\/wp\/v2\/pages\/1198\/revisions"}],"predecessor-version":[{"id":1227,"href":"https:\/\/torchsalvation.com\/es\/wp-json\/wp\/v2\/pages\/1198\/revisions\/1227"}],"wp:attachment":[{"href":"https:\/\/torchsalvation.com\/es\/wp-json\/wp\/v2\/media?parent=1198"}],"curies":[{"name":"wp","href":"https:\/\/api.w.org\/{rel}","templated":true}]}}