{"id":1267,"date":"2025-10-23T17:38:03","date_gmt":"2025-10-23T17:38:03","guid":{"rendered":"https:\/\/torchsalvation.com\/eventos\/"},"modified":"2025-10-23T17:38:03","modified_gmt":"2025-10-23T17:38:03","slug":"eventos","status":"publish","type":"page","link":"https:\/\/torchsalvation.com\/es\/eventos\/","title":{"rendered":"Eventos"},"content":{"rendered":"<div class='etn-row etn-event-wrapper'>\n        <div class=\"etn-col-md-6 etn-col-lg-20\">\n        <div class=\"etn-event-item\">\n            <!-- thumbnail -->\n            <div class=\"etn-event-thumb\">\n                                    <a\n                        href=\"https:\/\/torchsalvation.com\/es\/events\/taller-de-evangelismo-2\/\"\n                        aria-label=\"Eventos\"\n                    >\n                        <img decoding=\"async\" src=\"https:\/\/torchsalvation.com\/wp-content\/uploads\/2025\/10\/Banner-Taller-Evangelismo-scaled.png\" alt=\"Image\">\n                    <\/a>\n                \n                <div class=\"etn-event-category\">\n                    <span>Workshop<\/span>                 <\/div>\n                            <\/div>\n            <!-- thumbnail start-->\n\n            <!-- content start-->\n            <div class=\"etn-event-content\">\n                                                            <div class=\"etn-event-location\">\n                            <i class=\"etn-icon etn-location\"><\/i>\n                            C\u00e9spedes Norte 643, Mag\u00f3n y L\u00ednea                        <\/div>\n                    \n                \n                <h3 class=\"etn-title etn-event-title\"><a href=\"https:\/\/torchsalvation.com\/es\/events\/taller-de-evangelismo-2\/\">\n                    Taller de Evangelismo<\/a>\n                <\/h3>\n                                    <p>\n                        \ud83d\udce3\u00a0Taller de Evangelismo: \u201cUna Iglesia que Anuncia a Cristo\u201d Aprende. Vive. Comparte. Dios no nos salv\u00f3 para el silencio. Nos                    <\/p>\n                \n                <div class=\"etn-event-footer\">\n                    <div class=\"etn-event-date\">\n                        \t\t\t<span>\n\t\t\t\t<i class=\"etn-icon etn-calendar\"><\/i>\n\t\t\t\tnoviembre 1, 2025\t\t\t<\/span>\n\t\t                    <\/div>\n                    <div class=\"etn-atend-btn\">\n                                                <a href=\"#\"  class=\"etn-btn etn-btn-border etn-event-expired\">Expired! <\/a>\n                                            <\/div>\n                <\/div>\n            <\/div>\n                        <!-- content end-->\n        <\/div>\n        <!-- etn event item end-->\n    <\/div>\n        <div class=\"etn-col-md-6 etn-col-lg-20\">\n        <div class=\"etn-event-item\">\n            <!-- thumbnail -->\n            <div class=\"etn-event-thumb\">\n                                    <a\n                        href=\"https:\/\/torchsalvation.com\/es\/events\/taller-de-evangelismo\/\"\n                        aria-label=\"Eventos\"\n                    >\n                        <img decoding=\"async\" src=\"https:\/\/torchsalvation.com\/wp-content\/uploads\/2025\/10\/WhatsApp-Image-2025-09-16-at-10.13.33-AM-750x375-1.webp\" alt=\"Image\">\n                    <\/a>\n                \n                <div class=\"etn-event-category\">\n                    <span>Workshop<\/span>                 <\/div>\n                            <\/div>\n            <!-- thumbnail start-->\n\n            <!-- content start-->\n            <div class=\"etn-event-content\">\n                                                            <div class=\"etn-event-location\">\n                            <i class=\"etn-icon etn-location\"><\/i>\n                            106 Evans St. Manassas Park. Virginia. Zip Code:20111                        <\/div>\n                    \n                \n                <h3 class=\"etn-title etn-event-title\"><a href=\"https:\/\/torchsalvation.com\/es\/events\/taller-de-evangelismo\/\">\n                    Taller de evangelismo<\/a>\n                <\/h3>\n                                    <p>\n                        This workshop, taught by Pastor Jos\u00e9 Lu\u00eds Mili\u00e1n, will expound on the theology and practice of evangelism and persuade the                    <\/p>\n                \n                <div class=\"etn-event-footer\">\n                    <div class=\"etn-event-date\">\n                        \t\t\t<span>\n\t\t\t\t<i class=\"etn-icon etn-calendar\"><\/i>\n\t\t\t\toctubre 25, 2025\t\t\t<\/span>\n\t\t                    <\/div>\n                    <div class=\"etn-atend-btn\">\n                                                <a href=\"#\"  class=\"etn-btn etn-btn-border etn-event-expired\">Expired! <\/a>\n                                            <\/div>\n                <\/div>\n            <\/div>\n                        <!-- content end-->\n        <\/div>\n        <!-- etn event item end-->\n    <\/div>\n        <div class=\"etn-col-md-6 etn-col-lg-20\">\n        <div class=\"etn-event-item\">\n            <!-- thumbnail -->\n            <div class=\"etn-event-thumb\">\n                \n                <div class=\"etn-event-category\">\n                    <span>Workshop<\/span>                 <\/div>\n                            <\/div>\n            <!-- thumbnail start-->\n\n            <!-- content start-->\n            <div class=\"etn-event-content\">\n                                                            <div class=\"etn-event-location\">\n                            <i class=\"etn-icon etn-location\"><\/i>\n                            Online                        <\/div>\n                    \n                \n                <h3 class=\"etn-title etn-event-title\"><a href=\"https:\/\/torchsalvation.com\/es\/events\/prueba\/\">\n                    Prueba<\/a>\n                <\/h3>\n                                    <p>\n                        Prueba                    <\/p>\n                \n                <div class=\"etn-event-footer\">\n                    <div class=\"etn-event-date\">\n                        \t\t\t<span>\n\t\t\t\t<i class=\"etn-icon etn-calendar\"><\/i>\n\t\t\t\toctubre 28, 2025\t\t\t<\/span>\n\t\t                    <\/div>\n                    <div class=\"etn-atend-btn\">\n                                                <a href=\"#\"  class=\"etn-btn etn-btn-border etn-event-expired\">Expired! <\/a>\n                                            <\/div>\n                <\/div>\n            <\/div>\n                        <!-- content end-->\n        <\/div>\n        <!-- etn event item end-->\n    <\/div>\n    <\/div>\n\n\n","protected":false},"excerpt":{"rendered":"Workshop C\u00e9spedes Norte 643, Mag\u00f3n y L\u00ednea Taller de Evangelismo \ud83d\udce3\u00a0Taller de Evangelismo: \u201cUna Iglesia que Anuncia a Cristo\u201d Aprende. Vive. Comparte. Dios no nos salv\u00f3 para el silencio. Nos noviembre 1, 2025 Expired! Workshop 106 Evans St. Manassas Park. Virginia. Zip Code:20111 Taller de evangelismo This workshop, taught by Pastor Jos\u00e9 Lu\u00eds Mili\u00e1n, will [...]","protected":false},"author":1,"featured_media":0,"parent":0,"menu_order":0,"comment_status":"closed","ping_status":"closed","template":"","meta":{"om_disable_all_campaigns":false,"_monsterinsights_skip_tracking":false,"_monsterinsights_sitenote_active":false,"_monsterinsights_sitenote_note":"","_monsterinsights_sitenote_category":0,"_uf_show_specific_survey":0,"_uf_disable_surveys":false,"jnews_page_loop":[],"jnews_single_page":[],"jnews_social_meta":[],"footnotes":""},"class_list":["post-1267","page","type-page","status-publish","hentry"],"aioseo_notices":[],"_hostinger_reach_plugin_has_subscription_block":false,"_hostinger_reach_plugin_is_elementor":false,"_links":{"self":[{"href":"https:\/\/torchsalvation.com\/es\/wp-json\/wp\/v2\/pages\/1267","targetHints":{"allow":["GET"]}}],"collection":[{"href":"https:\/\/torchsalvation.com\/es\/wp-json\/wp\/v2\/pages"}],"about":[{"href":"https:\/\/torchsalvation.com\/es\/wp-json\/wp\/v2\/types\/page"}],"author":[{"embeddable":true,"href":"https:\/\/torchsalvation.com\/es\/wp-json\/wp\/v2\/users\/1"}],"replies":[{"embeddable":true,"href":"https:\/\/torchsalvation.com\/es\/wp-json\/wp\/v2\/comments?post=1267"}],"version-history":[{"count":0,"href":"https:\/\/torchsalvation.com\/es\/wp-json\/wp\/v2\/pages\/1267\/revisions"}],"wp:attachment":[{"href":"https:\/\/torchsalvation.com\/es\/wp-json\/wp\/v2\/media?parent=1267"}],"curies":[{"name":"wp","href":"https:\/\/api.w.org\/{rel}","templated":true}]}}