{"id":1587,"date":"2025-10-31T16:31:00","date_gmt":"2025-10-31T16:31:00","guid":{"rendered":"https:\/\/torchsalvation.com\/huracan-melissa\/"},"modified":"2025-10-31T17:46:24","modified_gmt":"2025-10-31T17:46:24","slug":"huracan-melissa","status":"publish","type":"page","link":"https:\/\/torchsalvation.com\/es\/huracan-melissa\/","title":{"rendered":"Hurac\u00e1n Melissa"},"content":{"rendered":"<div class=\"wpb-content-wrapper\"><p>[vc_row][vc_column]<div  class=\"jeg_heroblock jeg_heroblock_13 jeg_col_3o3 jeg_hero_style_1 jnews_module__0_69ebde78c2cac  \" data-margin=\"0\" >\n                <div class=\"jeg_hero_wrapper\"><div class=\"jeg_heroblock_wrapper\" style='margin: 0px 0px -0px -0px;'>\n\t                <article class=\"jeg_post jeg_hero_item_1 format-gallery\" style=\"padding: 0 0 0px 0px;\">\n                        <div class=\"jeg_block_container\">\n                            \n                            <span class=\"jeg_postformat_icon\"><\/span>\n                            <div class=\"jeg_thumb\">\n                                <a href=\"https:\/\/torchsalvation.com\/esperanza-en-medio-del-ciclon-veguitas-se-levanta\/\"  aria-label=\"Read article: Hope in the midst of the cyclone: Veguitas rises.\"><div class=\"thumbnail-container thumbnail-background\" data-src=\"https:\/\/torchsalvation.com\/wp-content\/uploads\/2026\/02\/photo_2026-02-24_10-43-00-1140x760.jpg\" >\n                        <div class=\"lazyloaded\" data-src=\"https:\/\/torchsalvation.com\/wp-content\/uploads\/2026\/02\/photo_2026-02-24_10-43-00-1140x760.jpg\" style=\"background-image: url(https:\/\/torchsalvation.com\/wp-content\/uploads\/2026\/02\/photo_2026-02-24_10-43-00-1140x760.jpg)\"><\/div>\n                    <\/div><\/a>\n                            <\/div>\n                            <div class=\"jeg_postblock_content\">\n                                <div class=\"jeg_post_category\"><a href=\"https:\/\/torchsalvation.com\/series-category\/disasters\/\" class=\"category-disasters\">Disasters<\/a><\/div>\n                                <div class=\"jeg_post_info\">\n                                    <h2 class=\"jeg_post_title\">\n                                        <a href=\"https:\/\/torchsalvation.com\/esperanza-en-medio-del-ciclon-veguitas-se-levanta\/\"  aria-label=\"Read article: Hope in the midst of the cyclone: Veguitas rises.\">Hope in the midst of the cyclone: Veguitas rises.<\/a>\n                                    <\/h2>\n                                    <div class=\"jeg_post_meta\"><div class=\"jeg_meta_author\"><span class=\"by\">by<\/span> <a href=\"https:\/\/torchsalvation.com\/es\/author\/torchsalvationgmail-com\/\">torchsalvation@gmail.com<\/a><\/div><div class=\"jeg_meta_date\"><a href=\"https:\/\/torchsalvation.com\/esperanza-en-medio-del-ciclon-veguitas-se-levanta\/\"><i class=\"fa fa-clock-o\"><\/i> febrero 24, 2026<\/a><\/div><div class=\"jeg_meta_views\"><a href=\"https:\/\/torchsalvation.com\/esperanza-en-medio-del-ciclon-veguitas-se-levanta\/\" ><i class=\"fa fa-eye\"><\/i> 29 <\/a><\/div><\/div>\n                                <\/div>\n                            <\/div>\n                        <\/div>\n                    <\/article>\n\t            <\/div><\/div>\n            <\/div>\n            [\/vc_column][\/vc_row][vc_row][vc_column][vc_separator border_width=\u00bb3&#8243;][\/vc_column][\/vc_row][vc_row][vc_column][vc_column_text css=\u00bb\u00bb]<\/p>\n<h1><strong>Hurac\u00e1n Melissa: Cuba se enfrenta a la furia del viento y al reto de la recuperaci\u00f3n<\/strong><\/h1>\n<p>El hurac\u00e1n Melissa, una de las tormentas m\u00e1s potentes jam\u00e1s registradas en la cuenca atl\u00e1ntica, azot\u00f3 el este de Cuba entre el 28 y el 29 de octubre de 2025, dejando a su paso un rastro de destrucci\u00f3n, viviendas arrasadas e importantes p\u00e9rdidas agr\u00edcolas. Las estad\u00edsticas oficiales y los informes humanitarios describen un pa\u00eds tambaleante por la devastaci\u00f3n. <\/p>\n<h3><strong>Una tormenta sin precedentes<\/strong><\/h3>\n<p>Antes de llegar a Cuba, Melissa alcanz\u00f3 la categor\u00eda 5 en la escala Saffir-Simpson, con vientos sostenidos de unos 295 km\/h y una presi\u00f3n central de 892 mbar, situ\u00e1ndose entre los huracanes atl\u00e1nticos m\u00e1s intensos de la historia reciente.<br \/>\nAl tocar tierra en el sureste de Cuba, se debilit\u00f3 a categor\u00eda 3, pero segu\u00eda teniendo una fuerza devastadora.<\/p>\n<p>Seg\u00fan el an\u00e1lisis del ACAPS, los vientos con fuerza de tormenta tropical se extendieron hasta 315 km desde el centro del hurac\u00e1n, y las mareas de tormenta alcanzaron entre 2 y 3,3 metros a lo largo de la costa sureste, causando graves inundaciones en municipios de las provincias de Santiago de Cuba, Granma y Holgu\u00edn.<\/p>\n<h3><strong>Impacto en los residentes<\/strong><\/h3>\n<p>Miles de personas tuvieron que evacuar sus hogares, dej\u00e1ndolo pr\u00e1cticamente todo, ante el peligro inminente de perder no s\u00f3lo sus bienes, sino tambi\u00e9n sus vidas.<\/p>\n<p>Fuentes oficiales informaron de que m\u00e1s de 650.000 personas hab\u00edan sido evacuadas antes del paso de la tormenta -258.500 en Santiago de Cuba, 139.900 en Guant\u00e1namo y 110.000 en Holgu\u00edn- y cifras posteriores elevaron el total a aproximadamente 735.000 personas.<\/p>\n<h3>Da\u00f1os en viviendas e infraestructuras<\/h3>\n<p>Los primeros informes de las autoridades locales y de la prensa reflejan da\u00f1os generalizados en las infraestructuras de las viviendas:<\/p>\n<ul>\n<li>Tejados arrancados y paredes derrumbadas en viejos edificios de mamposter\u00eda.<\/li>\n<li>Casas de madera completamente destruidas en comunidades rurales.<\/li>\n<li>Apagones prolongados en casi todo el este de Cuba.<\/li>\n<li>Carreteras bloqueadas por desprendimientos y \u00e1rboles ca\u00eddos.<\/li>\n<li>En Santiago de Cuba, algunos barrios quedaron sumergidos bajo m\u00e1s de un metro de agua.<\/li>\n<\/ul>\n<p>El coste humano se refleja en los cientos de familias que perdieron parcial o totalmente las casas que hab\u00edan construido durante d\u00e9cadas y que ahora carecen de recursos para reconstruirlas.<\/p>\n<h3><strong>Impacto en la agricultura y la alimentaci\u00f3n<\/strong><\/h3>\n<p>Melissa golpe\u00f3 en un momento crucial para las cosechas de caf\u00e9, cacao y pl\u00e1tano, pilares de la econom\u00eda oriental.<\/p>\n<p>Las lluvias torrenciales y la marejada cicl\u00f3nica destruyeron campos enteros, arrasaron sistemas de riego e inundaron tierras de cultivo. En los municipios de Guam\u00e1 y Yateras, algunos arrozales y huertos se inundaron con agua salada, inutilizando temporalmente el suelo para el cultivo. <\/p>\n<p>Tambi\u00e9n se registraron p\u00e9rdidas de ganado debido al derrumbe de establos y corrales.<\/p>\n<p>El Ministerio de Agricultura advirti\u00f3 de que la producci\u00f3n de alimentos podr\u00eda verse afectada en los pr\u00f3ximos meses, y se anunciaron planes de emergencia para redistribuir las reservas de grano y apoyar la siembra r\u00e1pida en las zonas menos da\u00f1adas.<\/p>\n<h3><strong>V\u00edctimas y estado de emergencia<\/strong><\/h3>\n<p>Aunque todav\u00eda no se ha comunicado la cifra oficial de muertos en Cuba, ya se est\u00e1n recibiendo informes extraoficiales de personas desaparecidas y fallecidas.<\/p>\n<p>Sin duda, la recuperaci\u00f3n ser\u00e1 larga y compleja.<\/p>\n<p><strong>Entre las prioridades de ayuda se encuentran:<\/strong><\/p>\n<ul>\n<li>Alimentaci\u00f3n y medicina.<\/li>\n<li>Enseres dom\u00e9sticos y materiales de construcci\u00f3n.<\/li>\n<li>Filtros de agua.<\/li>\n<\/ul>\n<p>Si quieres unirte a la iglesia cubana y apoyar a las familias devastadas por este evento meteorol\u00f3gico, puedes hacerlo donando en este <a href=\"https:\/\/secure.qgiv.com\/for\/torosal\/\" target=\"_blank\" rel=\"noopener\"><b>ENLACE<\/b><\/a><\/p>\n<p>A trav\u00e9s de este mismo enlace, nuestro ministerio pondr\u00e1 a disposici\u00f3n de los donantes fotos de nuestra visita a las zonas e iglesias afectadas.<\/p>\n<p>Aqu\u00ed tienes algunas im\u00e1genes de los da\u00f1os causados por el hurac\u00e1n en el este de Cuba.[\/vc_column_text][\/vc_column][\/vc_row][vc_row][vc_column][vc_separator border_width=\u00bb3&#8243; css=\u00bb\u00bb][\/vc_column][\/vc_row][vc_row][vc_column][vc_images_carousel images=\u00bb1582,1580,1578,1576,1574,1564,1566,1568,1570,1572,1562,1560,1558,1556,1554,1543,1545,1548,1550,1552,1541,1539,1537,1535,1533,1505,1507,1516,1529,1531,1503,1501,1499,1497,1495,1485,1487,1489,1491,1493,1483,1481,1476,1474,1472,1470&#8243; img_size=\u00bbfull\u00bb autoplay=\u00bbyes\u00bb wrap=\u00bbyes\u00bb css=\u00bb\u00bb][\/vc_column][\/vc_row]<\/p>\n<\/div>","protected":false},"excerpt":{"rendered":"<p>[vc_row][vc_column][\/vc_column][\/vc_row][vc_row][vc_column][vc_separator border_width=\u00bb3&#8243;][\/vc_column][\/vc_row][vc_row][vc_column][vc_column_text css=\u00bb\u00bb] Hurac\u00e1n Melissa: Cuba se enfrenta a la furia del viento y al reto de la recuperaci\u00f3n El hurac\u00e1n Melissa, una de las tormentas m\u00e1s potentes jam\u00e1s registradas en la cuenca atl\u00e1ntica, azot\u00f3 el este de Cuba entre el 28 y el 29 de octubre de 2025, dejando a su paso un rastro [&hellip;]<\/p>\n","protected":false},"author":1,"featured_media":0,"parent":0,"menu_order":0,"comment_status":"closed","ping_status":"closed","template":"","meta":{"om_disable_all_campaigns":false,"_monsterinsights_skip_tracking":false,"_monsterinsights_sitenote_active":false,"_monsterinsights_sitenote_note":"","_monsterinsights_sitenote_category":0,"_uf_show_specific_survey":0,"_uf_disable_surveys":false,"jnews_page_loop":[],"jnews_single_page":[],"jnews_social_meta":[],"footnotes":""},"class_list":["post-1587","page","type-page","status-publish","hentry"],"aioseo_notices":[],"_hostinger_reach_plugin_has_subscription_block":false,"_hostinger_reach_plugin_is_elementor":false,"_links":{"self":[{"href":"https:\/\/torchsalvation.com\/es\/wp-json\/wp\/v2\/pages\/1587","targetHints":{"allow":["GET"]}}],"collection":[{"href":"https:\/\/torchsalvation.com\/es\/wp-json\/wp\/v2\/pages"}],"about":[{"href":"https:\/\/torchsalvation.com\/es\/wp-json\/wp\/v2\/types\/page"}],"author":[{"embeddable":true,"href":"https:\/\/torchsalvation.com\/es\/wp-json\/wp\/v2\/users\/1"}],"replies":[{"embeddable":true,"href":"https:\/\/torchsalvation.com\/es\/wp-json\/wp\/v2\/comments?post=1587"}],"version-history":[{"count":6,"href":"https:\/\/torchsalvation.com\/es\/wp-json\/wp\/v2\/pages\/1587\/revisions"}],"predecessor-version":[{"id":1595,"href":"https:\/\/torchsalvation.com\/es\/wp-json\/wp\/v2\/pages\/1587\/revisions\/1595"}],"wp:attachment":[{"href":"https:\/\/torchsalvation.com\/es\/wp-json\/wp\/v2\/media?parent=1587"}],"curies":[{"name":"wp","href":"https:\/\/api.w.org\/{rel}","templated":true}]}}