{"id":767,"date":"2025-10-20T15:57:10","date_gmt":"2025-10-20T15:57:10","guid":{"rendered":"https:\/\/torchsalvation.com\/?page_id=767"},"modified":"2025-10-25T17:17:29","modified_gmt":"2025-10-25T17:17:29","slug":"declaracion-de-fe","status":"publish","type":"page","link":"https:\/\/torchsalvation.com\/es\/declaracion-de-fe\/","title":{"rendered":"Declaraci\u00f3n de fe"},"content":{"rendered":"<div class=\"wpb-content-wrapper\"><p>[vc_row][vc_column][vc_column_text]<\/p>\n\n<pre id=\"tw-target-text\" class=\"wp-block-preformatted\"><\/pre>\n<p>[\/vc_column_text][\/vc_column][\/vc_row][vc_row][vc_column][vc_column_text css=\u00bb\u00bb]<\/p>\n<h4>Declaraci\u00f3n de Fe del Ministerio TOSI<br \/>La Biblia: La Biblia es la revelaci\u00f3n escrita de Dios a la humanidad, dada a conocer a los santos, que la transmitieron por inspiraci\u00f3n del Esp\u00edritu Santo (2 Timoteo 3:16-17; 2 Pedro 1:21). Es infalible (Juan 17:17) e inerrante (Salmo 119:160). En \u00e9l, Dios revela Su voluntad y Sus prop\u00f3sitos para nuestras vidas (Salmo 37:23; 119:105). Por tanto, la Biblia es nuestra \u00fanica regla de fe, pr\u00e1ctica y conducta, y todo lo relacionado con la fe y la conducta debe evaluarse a trav\u00e9s de su lente.<br \/>El Dios Verdadero: S\u00f3lo hay un Dios verdadero (Deuteronomio 6:4), que es el Creador y Sustentador del universo (G\u00e9nesis 1; Hechos 17:24-25). Es Esp\u00edritu (Juan 4:24), Eterno (Salmo 90:2), Inmutable (Malaqu\u00edas 3:6), Santo (Isa\u00edas 6:3), Todopoderoso (G\u00e9nesis 17:1; Apocalipsis 19:6), Omnisciente (Salmo 139:1-4; Hebreos 4:13), Omnipresente (Salmo 139:7-10; Mateo 28:20) y Perfecto (Mateo 5:48). Est\u00e1 representado en la persona del Padre, del Hijo (Jesucristo) y del Esp\u00edritu Santo (Mateo 28:19). Se ha manifestado a la humanidad a trav\u00e9s de la creaci\u00f3n (Romanos 1:20), la Biblia (2 Timoteo 3:16-17) y, especialmente, a trav\u00e9s de Jesucristo, que es la imagen del Dios invisible (Colosenses 1:15; Hebreos 1:1-2). Jesucristo: Es la Segunda Persona de la Trinidad (Juan 1:1-14), coigual al Padre y al Esp\u00edritu Santo (Juan 10:30, 14:9). Vino a la Tierra como hombre (Juan 1:14), y en esa condici\u00f3n era 100% Dios y 100% hombre. Muri\u00f3 por nuestros pecados (1 Corintios 15:3), resucit\u00f3 al tercer d\u00eda (Hechos 10:40), ascendi\u00f3 al cielo (Hechos 1:11), est\u00e1 a la derecha del Padre (Hebreos 1:3) y viene al final de los tiempos para establecer Su Reino y castigar el pecado (Apocalipsis 19:6). Es la figura central de la Biblia, desde el G\u00e9nesis hasta el Apocalipsis (Lucas 24:27).<br \/>El Esp\u00edritu Santo: Es la Tercera Persona de la Trinidad, coigual y coeterno con el Padre y el Hijo, y por tanto es Dios (Hch 5,3-4). \u00c9l es el Creador (G\u00e9nesis 1:2), el que inspir\u00f3 las Sagradas Escrituras en los santos profetas (2 Pedro 1:21) y el que ilumina al creyente para que comprenda (Juan 16:13-14). \u00c9l es quien convence a los hombres de pecado, de justicia y de juicio (Juan 16:8). Vive en el creyente desde el momento en que finalmente cree (Efesios 1:13-14). Los convence de pecado, los regenera (Tito 3:5), los sella, asegurando su salvaci\u00f3n (Efesios 1:13-14), los gu\u00eda (Juan 16:13), los fortalece y les da poder para dar testimonio de Jesucristo hasta los confines de la tierra y hasta Su regreso (Hechos 1:8). Adem\u00e1s, \u00c9l da dones a los creyentes y les capacita para edificar la Iglesia a trav\u00e9s de ellos (1 Corintios 12) y cumplir el prop\u00f3sito para el que les ha llamado. La Creaci\u00f3n: Dios, que es eterno y, por tanto, el \u00fanico ser increado que tambi\u00e9n tiene vida en s\u00ed mismo, cre\u00f3 todas las cosas fuera de s\u00ed con la palabra de su poder (Hebreos 1:3). Esta creaci\u00f3n incluye el universo f\u00edsico y espiritual. Dios estableci\u00f3 un orden para que toda su creaci\u00f3n le glorificara. Dios mismo es la fuente y el sustento de lo que ha creado. Esta creaci\u00f3n se vio empa\u00f1ada por la Ca\u00edda del hombre en el Jard\u00edn del Ed\u00e9n. Al final de los tiempos, se establecer\u00e1 una nueva creaci\u00f3n para disfrute de los elegidos y redimidos por Cristo y para gloria de Dios.<br \/>Hombre: El hombre fue creado por Dios a su imagen y semejanza (G\u00e9nesis 1:26-27) y estaba sujeto a la Ley de Dios. Fue creado para vivir para los prop\u00f3sitos y la gloria de Dios, pero desobedeci\u00f3 a Dios, rompi\u00f3 su comuni\u00f3n con \u00c9l y perdi\u00f3 su prop\u00f3sito por el pecado (G\u00e9nesis 3). Por esta raz\u00f3n, todos los seres humanos son pecadores por herencia, y la pena por su pecado es la muerte. (Romanos 3:23; 6:23) Sin embargo, Dios cambia esta terrible condici\u00f3n por medio de Cristo.<br \/>El camino de la salvaci\u00f3n: El hombre no puede salvarse a s\u00ed mismo; el \u00fanico que puede eximirnos de la pena del pecado es Dios mismo. (Efesios 2:1-9) Esto requiere que el hombre reconozca su condici\u00f3n pecadora y se arrepienta ante Dios (Marcos 1:15), al tiempo que acepta el sacrificio que Jesucristo hizo al morir en su lugar en la cruz del Calvario, y reconoce a Cristo como el \u00fanico camino de salvaci\u00f3n que Dios ofrece a todos los seres humanos (Juan 14:6).<br \/>Redenci\u00f3n: El pecado cometido por Ad\u00e1n y Eva, que nosotros heredamos, dio lugar a la esclavitud al pecado, al poder y dominio de Satan\u00e1s y, en \u00faltima instancia, a la muerte. Para liberarnos de esa condici\u00f3n, era necesario pagar un rescate suficiente y aceptable para Dios. Jesucristo es el \u00fanico Cordero santo y sin mancha que pod\u00eda pagar nuestra redenci\u00f3n. Por tanto, ese rescate o redenci\u00f3n lo proporcion\u00f3 Cristo cuando muri\u00f3 en la cruz por nuestros pecados (1 Timoteo 2:6). Todos los seres humanos, debido a su naturaleza pecaminosa, est\u00e1n condenados a la eternidad en el infierno, separados de Dios y en condenaci\u00f3n perpetua. (Romanos 3:23)<br \/>Salvaci\u00f3n: Desde la ca\u00edda del hombre, Dios prometi\u00f3 la venida de un Salvador, que vino en la persona de Jesucristo (G\u00e9nesis 3:10).<\/h4>\n<p>[\/vc_column_text][\/vc_column][\/vc_row]<\/p>\n<\/div>","protected":false},"excerpt":{"rendered":"<p>[vc_row][vc_column][vc_column_text] [\/vc_column_text][\/vc_column][\/vc_row][vc_row][vc_column][vc_column_text css=\u00bb\u00bb] Declaraci\u00f3n de Fe del Ministerio TOSILa Biblia: La Biblia es la revelaci\u00f3n escrita de Dios a la humanidad, dada a conocer a los santos, que la transmitieron por inspiraci\u00f3n del Esp\u00edritu Santo (2 Timoteo 3:16-17; 2 Pedro 1:21). Es infalible (Juan 17:17) e inerrante (Salmo 119:160). En \u00e9l, Dios revela Su voluntad [&hellip;]<\/p>\n","protected":false},"author":1,"featured_media":0,"parent":0,"menu_order":0,"comment_status":"closed","ping_status":"closed","template":"","meta":{"om_disable_all_campaigns":false,"_monsterinsights_skip_tracking":false,"_monsterinsights_sitenote_active":false,"_monsterinsights_sitenote_note":"","_monsterinsights_sitenote_category":0,"_uf_show_specific_survey":0,"_uf_disable_surveys":false,"jnews_page_loop":[],"jnews_single_page":[],"jnews_social_meta":[],"footnotes":""},"class_list":["post-767","page","type-page","status-publish","hentry"],"aioseo_notices":[],"_hostinger_reach_plugin_has_subscription_block":false,"_hostinger_reach_plugin_is_elementor":false,"_links":{"self":[{"href":"https:\/\/torchsalvation.com\/es\/wp-json\/wp\/v2\/pages\/767","targetHints":{"allow":["GET"]}}],"collection":[{"href":"https:\/\/torchsalvation.com\/es\/wp-json\/wp\/v2\/pages"}],"about":[{"href":"https:\/\/torchsalvation.com\/es\/wp-json\/wp\/v2\/types\/page"}],"author":[{"embeddable":true,"href":"https:\/\/torchsalvation.com\/es\/wp-json\/wp\/v2\/users\/1"}],"replies":[{"embeddable":true,"href":"https:\/\/torchsalvation.com\/es\/wp-json\/wp\/v2\/comments?post=767"}],"version-history":[{"count":5,"href":"https:\/\/torchsalvation.com\/es\/wp-json\/wp\/v2\/pages\/767\/revisions"}],"predecessor-version":[{"id":1318,"href":"https:\/\/torchsalvation.com\/es\/wp-json\/wp\/v2\/pages\/767\/revisions\/1318"}],"wp:attachment":[{"href":"https:\/\/torchsalvation.com\/es\/wp-json\/wp\/v2\/media?parent=767"}],"curies":[{"name":"wp","href":"https:\/\/api.w.org\/{rel}","templated":true}]}}