{"id":769,"date":"2025-10-20T15:55:44","date_gmt":"2025-10-20T15:55:44","guid":{"rendered":"https:\/\/torchsalvation.com\/?page_id=769"},"modified":"2026-03-25T15:45:41","modified_gmt":"2026-03-25T15:45:41","slug":"nuestra-historia","status":"publish","type":"page","link":"https:\/\/torchsalvation.com\/es\/nuestra-historia\/","title":{"rendered":"Nuestra historia"},"content":{"rendered":"<div class=\"wpb-content-wrapper\"><p>[vc_row][vc_column][vc_column_text css=\u00bb\u00bb]<\/p>\n<h4>Una breve historia del Ministerio Antorcha de Salvaci\u00f3n. En noviembre de 2005, tras pasar varios d\u00edas orando y buscando la direcci\u00f3n de Dios para mi ministerio a largo plazo, Dios me mostr\u00f3 que mi plan de vida es cumplir la Gran Comisi\u00f3n, llevando el evangelio hasta los confines de la tierra.  As\u00ed, en marzo de 2006, en una reuni\u00f3n con 14 miembros de la congregaci\u00f3n en una sala, lanzamos la visi\u00f3n e iniciamos el trabajo en la ciudad de Sancti Sp\u00edritus. Dedicamos los cinco primeros a\u00f1os de nuestro ministerio a establecer la iglesia local, a la que llamamos Antorcha de Salvaci\u00f3n. En 2010, varias iglesias de la zona se unieron a nosotros, y comenzamos un trabajo regional que dio forma a nuestra visi\u00f3n como ministerio paraeclesi\u00e1stico. Establecimos este ministerio con el prop\u00f3sito de unir iglesias en un \u00e1rea geogr\u00e1fica para celebrar actos evangel\u00edsticos, revitalizar iglesias y plantar otras nuevas. Hasta la fecha, hemos realizado m\u00e1s de 30 campa\u00f1as evangel\u00edsticas con extranjeros y cubanos en el centro de Cuba. M\u00e1s de 10.000 personas han aceptado a Cristo como su Salvador. Hemos formado a unos 200 pastores y misioneros y ayudado a fundar m\u00e1s de 20 iglesias.  Al mismo tiempo, a trav\u00e9s de estas iglesias, hemos ayudado a m\u00e1s de 1.200 familias de bajos ingresos con alimentos y medicinas, y a muchas iglesias con transporte e instalaciones para reuniones. Al ver el impacto del ministerio, pastores y hermanos de Estados Unidos nos recomendaron que lo estableci\u00e9ramos como ministerio internacional en Estados Unidos, con la intenci\u00f3n de llevar esta obra m\u00e1s all\u00e1 de las fronteras de nuestro pa\u00eds. As\u00ed, el 20 de marzo de 2019, fundamos <strong><a href=\"https:\/\/www.facebook.com\/TorchSalvationIntl\">TOSI (Antorcha de Salvaci\u00f3n Internacional)<\/a><\/strong> en Viena, EEUU. Desde entonces, hemos apoyado a iglesias en las siguientes \u00e1reas:<\/h4>\n<ol>\n<li>\n<h4>Evangelizaci\u00f3n<\/h4>\n<\/li>\n<li>\n<h4>Plantar nuevas iglesias<\/h4>\n<\/li>\n<li>\n<h4>Formaci\u00f3n de l\u00edderes<\/h4>\n<\/li>\n<li>\n<h4>Asistencia social<\/h4>\n<\/li>\n<li>\n<h4>Ayudar a crear instalaciones log\u00edsticas.<\/h4>\n<\/li>\n<\/ol>\n<h4>En la zona donde iniciamos nuestro primer modelo de ministerio, se gener\u00f3 un movimiento de evangelizaci\u00f3n y de plantaci\u00f3n de nuevas iglesias, que contin\u00faa hasta hoy. Lo m\u00e1s hermoso es que, aunque sigamos apoy\u00e1ndoles, ya no necesitan nuestra intervenci\u00f3n ni nuestro liderazgo. Los pastores y l\u00edderes han adquirido las habilidades necesarias para organizarse y trabajar por el cumplimiento de la Gran Comisi\u00f3n aplicada a su contexto local. Hoy, nuestra visi\u00f3n es aplicar esta estrategia en muchos otros lugares del mundo.  Nuestro principal objetivo es inspirar, movilizar, equipar y comprometer a las iglesias para que difundan el evangelio en sus comunidades y generen un movimiento aut\u00f3nomo y replicable. Tenemos muchos sue\u00f1os, pocos recursos, pero una gran confianza en el Dios del que podemos decir \u00abEbenezer\u00bb (Dios nos ha ayudado hasta aqu\u00ed). A\u00fan nos queda mucho camino por recorrer; te pedimos que te unas a nosotros en esta visi\u00f3n de Dios para seguir trabajando en Su nombre y para Su gloria.<\/h4>\n&#13;\n<h4 id=\"link-help\">If you would like to support our ministry, you can do so through the following link: <a title=\"\" href=\"https:\/\/secure.qgiv.com\/for\/torosal\" target=\"_blank\" rel=\"noopener\"><strong>https:\/\/secure.qgiv.com\/for\/torosal<\/strong><\/a><\/h4>&#13;\n<h4><\/h4>&#13;\n<h4>If you wish to subscribe to our mailing list, you can write to us at our email address to sign up: torchsalvation@gmail.com.<\/h4>&#13;\n<h4><\/h4>\n<h4><\/h4>\n<p>&nbsp;<\/p>\n<p>&nbsp;<\/p>\n<p>&nbsp;<\/p>\n<p>&nbsp;<\/p>\n<p>[\/vc_column_text][\/vc_column][\/vc_row][vc_row][vc_column][\/vc_column][\/vc_row]<\/p>\n<\/div>","protected":false},"excerpt":{"rendered":"<p>[vc_row][vc_column][vc_column_text css=\u00bb\u00bb] Una breve historia del Ministerio Antorcha de Salvaci\u00f3n. En noviembre de 2005, tras pasar varios d\u00edas orando y buscando la direcci\u00f3n de Dios para mi ministerio a largo plazo, Dios me mostr\u00f3 que mi plan de vida es cumplir la Gran Comisi\u00f3n, llevando el evangelio hasta los confines de la tierra. As\u00ed, en [&hellip;]<\/p>\n","protected":false},"author":1,"featured_media":0,"parent":0,"menu_order":0,"comment_status":"closed","ping_status":"closed","template":"","meta":{"om_disable_all_campaigns":false,"_monsterinsights_skip_tracking":false,"_monsterinsights_sitenote_active":false,"_monsterinsights_sitenote_note":"","_monsterinsights_sitenote_category":0,"_uf_show_specific_survey":0,"_uf_disable_surveys":false,"jnews_page_loop":[],"jnews_single_page":[],"jnews_social_meta":[],"footnotes":""},"class_list":["post-769","page","type-page","status-publish","hentry"],"aioseo_notices":[],"_hostinger_reach_plugin_has_subscription_block":false,"_hostinger_reach_plugin_is_elementor":false,"_links":{"self":[{"href":"https:\/\/torchsalvation.com\/es\/wp-json\/wp\/v2\/pages\/769","targetHints":{"allow":["GET"]}}],"collection":[{"href":"https:\/\/torchsalvation.com\/es\/wp-json\/wp\/v2\/pages"}],"about":[{"href":"https:\/\/torchsalvation.com\/es\/wp-json\/wp\/v2\/types\/page"}],"author":[{"embeddable":true,"href":"https:\/\/torchsalvation.com\/es\/wp-json\/wp\/v2\/users\/1"}],"replies":[{"embeddable":true,"href":"https:\/\/torchsalvation.com\/es\/wp-json\/wp\/v2\/comments?post=769"}],"version-history":[{"count":11,"href":"https:\/\/torchsalvation.com\/es\/wp-json\/wp\/v2\/pages\/769\/revisions"}],"predecessor-version":[{"id":1983,"href":"https:\/\/torchsalvation.com\/es\/wp-json\/wp\/v2\/pages\/769\/revisions\/1983"}],"wp:attachment":[{"href":"https:\/\/torchsalvation.com\/es\/wp-json\/wp\/v2\/media?parent=769"}],"curies":[{"name":"wp","href":"https:\/\/api.w.org\/{rel}","templated":true}]}}